{"id":1316,"date":"2020-10-27T16:06:07","date_gmt":"2020-10-27T15:06:07","guid":{"rendered":"https:\/\/impaqt.net\/?page_id=1316"},"modified":"2020-10-27T16:06:07","modified_gmt":"2020-10-27T15:06:07","slug":"legal-mentions","status":"publish","type":"page","link":"https:\/\/impaqt.net\/en\/legal-mentions\/","title":{"rendered":"Legal Mentions"},"content":{"rendered":"<div class=\"fusion-fullwidth fullwidth-box fusion-builder-row-1 nonhundred-percent-fullwidth non-hundred-percent-height-scrolling\" style=\"--awb-border-radius-top-left:0px;--awb-border-radius-top-right:0px;--awb-border-radius-bottom-right:0px;--awb-border-radius-bottom-left:0px;--awb-padding-right:10%;--awb-padding-left:10%;--awb-flex-wrap:wrap;\" ><div class=\"fusion-builder-row fusion-row\"><div class=\"fusion-layout-column fusion_builder_column fusion-builder-column-0 fusion_builder_column_1_1 1_1 fusion-one-full fusion-column-first fusion-column-last\" style=\"--awb-bg-size:cover;--awb-margin-bottom:0px;\"><div class=\"fusion-column-wrapper fusion-flex-column-wrapper-legacy\"><div class=\"fusion-title title fusion-title-1 fusion-sep-none fusion-title-text fusion-title-size-one\" style=\"--awb-margin-top-small:10px;--awb-margin-right-small:0px;--awb-margin-bottom-small:10px;--awb-margin-left-small:0px;--awb-font-size:2em;\"><h1 class=\"fusion-title-heading title-heading-left fusion-responsive-typography-calculated\" style=\"margin:0;font-size:1em;--fontSize:48;line-height:1;\">Mentions l\u00e9gales<\/h1><\/div><div class=\"fusion-text fusion-text-1\"><p>Conform\u00e9ment aux dispositions des articles 6-III et 19 de la Loi n\u00b0 2004-575 du 21 juin 2004 pour la Confiance dans l\u2019\u00e9conomie num\u00e9rique, dite L.C.E.N., nous portons \u00e0 la connaissance des utilisateurs et visiteurs du site : impaqt.net les informations suivantes :<\/p>\n<h6>\u00c9DITEUR<\/h6>\n<p>Le site impaqt.net est la propri\u00e9t\u00e9 exclusive de ImpaQt, qui l\u2019\u00e9dite.<\/p>\n<p><strong>ImpaQt<\/strong> est un organisme de formation professionnel ind\u00e9pendant. Le si\u00e8ge de la soci\u00e9t\u00e9 <strong>ImpaQt<\/strong> est domicili\u00e9 au 26, rue Victor Hugo, 86000 Poitiers. Elle est d\u00e9clar\u00e9e sous le num\u00e9ro de d\u00e9claration d\u2019activit\u00e9 54860048786 \u00e0 la Pr\u00e9fecture de la R\u00e9gion Poitou-Charentes.<\/p>\n<h6>DIRECTEUR DE LA PUBLICATION<\/h6>\n<p>G\u00e9raldine Berruto<br \/>\nContactez le responsable de la publication : contact@impaqt.net, T\u00e9l : 05 49 49 63 80<\/p>\n<h6>H\u00c9BERGEMENT<\/h6>\n<p>Le site est h\u00e9berg\u00e9 par OVH, 2 rue Kellermann, 59100 Roubaix<\/p>\n<h6>Propri\u00e9t\u00e9 intellectuelle<\/h6>\n<p>La structure g\u00e9n\u00e9rale du Site, les textes, les donn\u00e9es et les \u00e9l\u00e9ments graphiques, anim\u00e9s ou non, constituent des \u0153uvres qui sont prot\u00e9g\u00e9es en tant que telles par les lois sur la propri\u00e9t\u00e9 intellectuelle, en particulier par le droit d\u2019auteur, les dessins et mod\u00e8les et le droit des marques, et par les trait\u00e9s internationaux. La structure g\u00e9n\u00e9rale du Site, les textes, les donn\u00e9es et les \u00e9l\u00e9ments graphiques du Site ne doivent en aucun cas \u00eatre modifi\u00e9s, reproduits, affich\u00e9s, pr\u00e9sent\u00e9s, distribu\u00e9s ou utilis\u00e9s \u00e0 des fins d\u2019int\u00e9r\u00eat public ou commercial.<br \/>\nToute personne qui t\u00e9l\u00e9charge ou recueille des informations diffus\u00e9es sur le Site ne dispose sur celles-ci que d\u2019un droit d\u2019usage priv\u00e9, personnel et non transmissible. Les informations recueillies ne sont susceptibles que d\u2019une seule reproduction papier ou num\u00e9rique. Toute utilisation des informations recueillies devra mentionner la source.<br \/>\nLes liens hypertextes mis en place en direction d\u2019autres sites, principalement vers les sites partenaires sont fournis pour la convenance personnelle des visiteurs. <strong>ImpaQt<\/strong> n\u2019exerce aucun contr\u00f4le sur ces sites et n\u2019accepte aucune responsabilit\u00e9 \u00e0 leur \u00e9gard, les pages restant de la seule responsabilit\u00e9 de leurs titulaires.<br \/>\nLa reproduction d\u2019une page du Site ou l\u2019insertion d\u2019une page du Site dans la page d\u2019un autre site est interdite. Le visiteur reconna\u00eet avoir pris connaissance des pr\u00e9sentes mentions l\u00e9gales et s\u2019engage \u00e0 les respecter.<\/p>\n<\/div><div class=\"fusion-clearfix\"><\/div><\/div><\/div><\/div><\/div>\n","protected":false},"excerpt":{"rendered":"","protected":false},"author":1,"featured_media":0,"parent":0,"menu_order":0,"comment_status":"closed","ping_status":"open","template":"","meta":{"footnotes":""},"class_list":["post-1316","page","type-page","status-publish","hentry"],"yoast_head":"<!-- This site is optimized with the Yoast SEO plugin v27.4 - https:\/\/yoast.com\/product\/yoast-seo-wordpress\/ -->\n<title>Legal Mentions - ImpaQt<\/title>\n<meta name=\"robots\" content=\"index, follow, max-snippet:-1, max-image-preview:large, max-video-preview:-1\" \/>\n<link rel=\"canonical\" href=\"https:\/\/impaqt.net\/en\/legal-mentions\/\" \/>\n<meta property=\"og:locale\" content=\"en_US\" \/>\n<meta property=\"og:type\" content=\"article\" \/>\n<meta property=\"og:title\" content=\"Legal Mentions - ImpaQt\" \/>\n<meta property=\"og:url\" content=\"https:\/\/impaqt.net\/en\/legal-mentions\/\" \/>\n<meta property=\"og:site_name\" content=\"ImpaQt\" \/>\n<meta property=\"article:publisher\" content=\"https:\/\/www.facebook.com\/impaqt\/\" \/>\n<meta name=\"twitter:card\" content=\"summary_large_image\" \/>\n<meta name=\"twitter:label1\" content=\"Est. reading time\" \/>\n\t<meta name=\"twitter:data1\" content=\"4 minutes\" \/>\n<script type=\"application\/ld+json\" class=\"yoast-schema-graph\">{\"@context\":\"https:\\\/\\\/schema.org\",\"@graph\":[{\"@type\":\"WebPage\",\"@id\":\"https:\\\/\\\/impaqt.net\\\/en\\\/legal-mentions\\\/\",\"url\":\"https:\\\/\\\/impaqt.net\\\/en\\\/legal-mentions\\\/\",\"name\":\"Legal Mentions - ImpaQt\",\"isPartOf\":{\"@id\":\"https:\\\/\\\/impaqt.net\\\/en\\\/#website\"},\"datePublished\":\"2020-10-27T15:06:07+00:00\",\"breadcrumb\":{\"@id\":\"https:\\\/\\\/impaqt.net\\\/en\\\/legal-mentions\\\/#breadcrumb\"},\"inLanguage\":\"en-US\",\"potentialAction\":[{\"@type\":\"ReadAction\",\"target\":[\"https:\\\/\\\/impaqt.net\\\/en\\\/legal-mentions\\\/\"]}]},{\"@type\":\"BreadcrumbList\",\"@id\":\"https:\\\/\\\/impaqt.net\\\/en\\\/legal-mentions\\\/#breadcrumb\",\"itemListElement\":[{\"@type\":\"ListItem\",\"position\":1,\"name\":\"Home\",\"item\":\"https:\\\/\\\/impaqt.net\\\/en\\\/\"},{\"@type\":\"ListItem\",\"position\":2,\"name\":\"Legal Mentions\"}]},{\"@type\":\"WebSite\",\"@id\":\"https:\\\/\\\/impaqt.net\\\/en\\\/#website\",\"url\":\"https:\\\/\\\/impaqt.net\\\/en\\\/\",\"name\":\"ImpaQt\",\"description\":\"The home of MMAPPER\",\"publisher\":{\"@id\":\"https:\\\/\\\/impaqt.net\\\/en\\\/#organization\"},\"potentialAction\":[{\"@type\":\"SearchAction\",\"target\":{\"@type\":\"EntryPoint\",\"urlTemplate\":\"https:\\\/\\\/impaqt.net\\\/en\\\/?s={search_term_string}\"},\"query-input\":{\"@type\":\"PropertyValueSpecification\",\"valueRequired\":true,\"valueName\":\"search_term_string\"}}],\"inLanguage\":\"en-US\"},{\"@type\":\"Organization\",\"@id\":\"https:\\\/\\\/impaqt.net\\\/en\\\/#organization\",\"name\":\"ImpaQt\",\"url\":\"https:\\\/\\\/impaqt.net\\\/en\\\/\",\"logo\":{\"@type\":\"ImageObject\",\"inLanguage\":\"en-US\",\"@id\":\"https:\\\/\\\/impaqt.net\\\/en\\\/#\\\/schema\\\/logo\\\/image\\\/\",\"url\":\"https:\\\/\\\/impaqt.net\\\/wp-content\\\/uploads\\\/2020\\\/05\\\/impaqt-logo-1000.png\",\"contentUrl\":\"https:\\\/\\\/impaqt.net\\\/wp-content\\\/uploads\\\/2020\\\/05\\\/impaqt-logo-1000.png\",\"width\":1000,\"height\":400,\"caption\":\"ImpaQt\"},\"image\":{\"@id\":\"https:\\\/\\\/impaqt.net\\\/en\\\/#\\\/schema\\\/logo\\\/image\\\/\"},\"sameAs\":[\"https:\\\/\\\/www.facebook.com\\\/impaqt\\\/\",\"https:\\\/\\\/www.linkedin.com\\\/company\\\/impaqt-langues\\\/\"]}]}<\/script>\n<!-- \/ Yoast SEO plugin. -->","yoast_head_json":{"title":"Legal Mentions - ImpaQt","robots":{"index":"index","follow":"follow","max-snippet":"max-snippet:-1","max-image-preview":"max-image-preview:large","max-video-preview":"max-video-preview:-1"},"canonical":"https:\/\/impaqt.net\/en\/legal-mentions\/","og_locale":"en_US","og_type":"article","og_title":"Legal Mentions - ImpaQt","og_url":"https:\/\/impaqt.net\/en\/legal-mentions\/","og_site_name":"ImpaQt","article_publisher":"https:\/\/www.facebook.com\/impaqt\/","twitter_card":"summary_large_image","twitter_misc":{"Est. reading time":"4 minutes"},"schema":{"@context":"https:\/\/schema.org","@graph":[{"@type":"WebPage","@id":"https:\/\/impaqt.net\/en\/legal-mentions\/","url":"https:\/\/impaqt.net\/en\/legal-mentions\/","name":"Legal Mentions - ImpaQt","isPartOf":{"@id":"https:\/\/impaqt.net\/en\/#website"},"datePublished":"2020-10-27T15:06:07+00:00","breadcrumb":{"@id":"https:\/\/impaqt.net\/en\/legal-mentions\/#breadcrumb"},"inLanguage":"en-US","potentialAction":[{"@type":"ReadAction","target":["https:\/\/impaqt.net\/en\/legal-mentions\/"]}]},{"@type":"BreadcrumbList","@id":"https:\/\/impaqt.net\/en\/legal-mentions\/#breadcrumb","itemListElement":[{"@type":"ListItem","position":1,"name":"Home","item":"https:\/\/impaqt.net\/en\/"},{"@type":"ListItem","position":2,"name":"Legal Mentions"}]},{"@type":"WebSite","@id":"https:\/\/impaqt.net\/en\/#website","url":"https:\/\/impaqt.net\/en\/","name":"ImpaQt","description":"The home of MMAPPER","publisher":{"@id":"https:\/\/impaqt.net\/en\/#organization"},"potentialAction":[{"@type":"SearchAction","target":{"@type":"EntryPoint","urlTemplate":"https:\/\/impaqt.net\/en\/?s={search_term_string}"},"query-input":{"@type":"PropertyValueSpecification","valueRequired":true,"valueName":"search_term_string"}}],"inLanguage":"en-US"},{"@type":"Organization","@id":"https:\/\/impaqt.net\/en\/#organization","name":"ImpaQt","url":"https:\/\/impaqt.net\/en\/","logo":{"@type":"ImageObject","inLanguage":"en-US","@id":"https:\/\/impaqt.net\/en\/#\/schema\/logo\/image\/","url":"https:\/\/impaqt.net\/wp-content\/uploads\/2020\/05\/impaqt-logo-1000.png","contentUrl":"https:\/\/impaqt.net\/wp-content\/uploads\/2020\/05\/impaqt-logo-1000.png","width":1000,"height":400,"caption":"ImpaQt"},"image":{"@id":"https:\/\/impaqt.net\/en\/#\/schema\/logo\/image\/"},"sameAs":["https:\/\/www.facebook.com\/impaqt\/","https:\/\/www.linkedin.com\/company\/impaqt-langues\/"]}]}},"_links":{"self":[{"href":"https:\/\/impaqt.net\/en\/wp-json\/wp\/v2\/pages\/1316","targetHints":{"allow":["GET"]}}],"collection":[{"href":"https:\/\/impaqt.net\/en\/wp-json\/wp\/v2\/pages"}],"about":[{"href":"https:\/\/impaqt.net\/en\/wp-json\/wp\/v2\/types\/page"}],"author":[{"embeddable":true,"href":"https:\/\/impaqt.net\/en\/wp-json\/wp\/v2\/users\/1"}],"replies":[{"embeddable":true,"href":"https:\/\/impaqt.net\/en\/wp-json\/wp\/v2\/comments?post=1316"}],"version-history":[{"count":1,"href":"https:\/\/impaqt.net\/en\/wp-json\/wp\/v2\/pages\/1316\/revisions"}],"predecessor-version":[{"id":1317,"href":"https:\/\/impaqt.net\/en\/wp-json\/wp\/v2\/pages\/1316\/revisions\/1317"}],"wp:attachment":[{"href":"https:\/\/impaqt.net\/en\/wp-json\/wp\/v2\/media?parent=1316"}],"curies":[{"name":"wp","href":"https:\/\/api.w.org\/{rel}","templated":true}]}}