{"id":1470,"date":"2020-10-29T17:09:44","date_gmt":"2020-10-29T16:09:44","guid":{"rendered":"https:\/\/impaqt.net\/?page_id=1470"},"modified":"2026-01-08T09:46:46","modified_gmt":"2026-01-08T08:46:46","slug":"conditions-generales-de-vente","status":"publish","type":"page","link":"https:\/\/impaqt.net\/en\/conditions-generales-de-vente\/","title":{"rendered":"Conditions G\u00e9n\u00e9rales de Vente"},"content":{"rendered":"<div class=\"fusion-bg-parallax\" data-bg-align=\"center top\" data-direction=\"up\" data-mute=\"false\" data-opacity=\"100\" data-velocity=\"-0.1\" data-mobile-enabled=\"false\" data-break_parents=\"0\" data-bg-image=\"http:\/\/impaqt.net\/wp-content\/uploads\/2020\/05\/bg-header-page-1400.jpg\" data-bg-repeat=\"false\" ><\/div><div class=\"fusion-fullwidth fullwidth-box fusion-builder-row-1 fusion-parallax-up nonhundred-percent-fullwidth non-hundred-percent-height-scrolling top-decalage\" style=\"--awb-background-position:center top;--awb-border-sizes-top:0px;--awb-border-sizes-bottom:0px;--awb-border-sizes-left:0px;--awb-border-sizes-right:0px;--awb-border-radius-top-left:0px;--awb-border-radius-top-right:0px;--awb-border-radius-bottom-right:0px;--awb-border-radius-bottom-left:0px;--awb-padding-bottom:50px;--awb-margin-top:0px;--awb-margin-bottom:0px;--awb-background-image:url(&quot;http:\/\/impaqt.net\/wp-content\/uploads\/2020\/05\/bg-header-page-1400.jpg&quot;);--awb-background-size:cover;--awb-flex-wrap:wrap;\" ><div class=\"fusion-builder-row fusion-row\"><div class=\"fusion-layout-column fusion_builder_column fusion-builder-column-0 fusion_builder_column_1_1 1_1 fusion-one-full fusion-column-first fusion-column-last\" style=\"--awb-bg-size:cover;--awb-margin-bottom:0px;\"><div class=\"fusion-column-wrapper fusion-column-has-shadow fusion-flex-column-wrapper-legacy\">\n            <div \n                class=\"elfsight-widget-pdf-embed elfsight-widget\" \n                data-elfsight-pdf-embed-options=\"%7B%22files%22%3A%5B%7B%22link%22%3A%22https%3A%5C%2F%5C%2Fimpaqt.net%5C%2Fwp-content%5C%2Fuploads%5C%2F2026%5C%2F01%5C%2FCGV-2026.pdf%22%2C%22name%22%3A%22Embed%20PDF%22%2C%22previewImage%22%3Anull%7D%5D%2C%22widgetTitle%22%3A%22Docs%20to%20download%22%2C%22layout%22%3A%22viewer%22%2C%22showIcon%22%3Atrue%2C%22icon%22%3A%22icon-1%22%2C%22previewImageSize%22%3A30%2C%22showDownloadLink%22%3Atrue%2C%22downloadLinkText%22%3A%22Download%22%2C%22width%22%3A800%2C%22heightFactor%22%3A1.41%2C%22iconColor%22%3A%22rgb%28222%2C%2043%2C%2051%29%22%2C%22nameColor%22%3A%22rgb%2817%2C%2017%2C%2017%29%22%2C%22downloadColor%22%3A%22rgb%2828%2C%20145%2C%20255%29%22%2C%22backgroundColor%22%3Anull%2C%22fileBackgroundColor%22%3Anull%2C%22widgetTitleColor%22%3A%22rgb%2817%2C%2017%2C%2017%29%22%2C%22nameFontSize%22%3A15%2C%22downloadFontSize%22%3A13%2C%22widgetTitleFontSize%22%3A20%2C%22widgetId%22%3A%2212%22%7D\" \n                data-elfsight-pdf-embed-version=\"1.1.1\"\n                data-elfsight-widget-id=\"elfsight-pdf-embed-12\">\n            <\/div>\n            <div class=\"fusion-clearfix\"><\/div><\/div><\/div><\/div><\/div>\n","protected":false},"excerpt":{"rendered":"","protected":false},"author":1,"featured_media":0,"parent":0,"menu_order":0,"comment_status":"closed","ping_status":"closed","template":"100-width.php","meta":{"footnotes":""},"class_list":["post-1470","page","type-page","status-publish","hentry"],"yoast_head":"<!-- This site is optimized with the Yoast SEO plugin v27.5 - https:\/\/yoast.com\/product\/yoast-seo-wordpress\/ -->\n<title>Conditions G\u00e9n\u00e9rales de Vente - ImpaQt<\/title>\n<meta name=\"description\" content=\"L\u2019acronyme MMAPPER repr\u00e9sente 7 fondamentaux du d\u00e9veloppement personnel et professionnel : Mirroir, M\u00e9thode, Action Projet, Plaisir, Effort, Risque.\" \/>\n<meta name=\"robots\" content=\"index, follow, max-snippet:-1, max-image-preview:large, max-video-preview:-1\" \/>\n<link rel=\"canonical\" href=\"https:\/\/impaqt.net\/en\/conditions-generales-de-vente\/\" \/>\n<meta property=\"og:locale\" content=\"en_US\" \/>\n<meta property=\"og:type\" content=\"article\" \/>\n<meta property=\"og:title\" content=\"Conditions G\u00e9n\u00e9rales de Vente - ImpaQt\" \/>\n<meta property=\"og:description\" content=\"L\u2019acronyme MMAPPER repr\u00e9sente 7 fondamentaux du d\u00e9veloppement personnel et professionnel : Mirroir, M\u00e9thode, Action Projet, Plaisir, Effort, Risque.\" \/>\n<meta property=\"og:url\" content=\"https:\/\/impaqt.net\/en\/conditions-generales-de-vente\/\" \/>\n<meta property=\"og:site_name\" content=\"ImpaQt\" \/>\n<meta property=\"article:publisher\" content=\"https:\/\/www.facebook.com\/impaqt\/\" \/>\n<meta property=\"article:modified_time\" content=\"2026-01-08T08:46:46+00:00\" \/>\n<meta name=\"twitter:card\" content=\"summary_large_image\" \/>\n<script type=\"application\/ld+json\" class=\"yoast-schema-graph\">{\"@context\":\"https:\\\/\\\/schema.org\",\"@graph\":[{\"@type\":\"WebPage\",\"@id\":\"https:\\\/\\\/impaqt.net\\\/en\\\/conditions-generales-de-vente\\\/\",\"url\":\"https:\\\/\\\/impaqt.net\\\/en\\\/conditions-generales-de-vente\\\/\",\"name\":\"Conditions G\u00e9n\u00e9rales de Vente - ImpaQt\",\"isPartOf\":{\"@id\":\"https:\\\/\\\/impaqt.net\\\/en\\\/#website\"},\"datePublished\":\"2020-10-29T16:09:44+00:00\",\"dateModified\":\"2026-01-08T08:46:46+00:00\",\"description\":\"L\u2019acronyme MMAPPER repr\u00e9sente 7 fondamentaux du d\u00e9veloppement personnel et professionnel : Mirroir, M\u00e9thode, Action Projet, Plaisir, Effort, Risque.\",\"breadcrumb\":{\"@id\":\"https:\\\/\\\/impaqt.net\\\/en\\\/conditions-generales-de-vente\\\/#breadcrumb\"},\"inLanguage\":\"en-US\",\"potentialAction\":[{\"@type\":\"ReadAction\",\"target\":[\"https:\\\/\\\/impaqt.net\\\/en\\\/conditions-generales-de-vente\\\/\"]}]},{\"@type\":\"BreadcrumbList\",\"@id\":\"https:\\\/\\\/impaqt.net\\\/en\\\/conditions-generales-de-vente\\\/#breadcrumb\",\"itemListElement\":[{\"@type\":\"ListItem\",\"position\":1,\"name\":\"Home\",\"item\":\"https:\\\/\\\/impaqt.net\\\/en\\\/\"},{\"@type\":\"ListItem\",\"position\":2,\"name\":\"Conditions G\u00e9n\u00e9rales de Vente\"}]},{\"@type\":\"WebSite\",\"@id\":\"https:\\\/\\\/impaqt.net\\\/en\\\/#website\",\"url\":\"https:\\\/\\\/impaqt.net\\\/en\\\/\",\"name\":\"ImpaQt\",\"description\":\"The home of MMAPPER\",\"publisher\":{\"@id\":\"https:\\\/\\\/impaqt.net\\\/en\\\/#organization\"},\"potentialAction\":[{\"@type\":\"SearchAction\",\"target\":{\"@type\":\"EntryPoint\",\"urlTemplate\":\"https:\\\/\\\/impaqt.net\\\/en\\\/?s={search_term_string}\"},\"query-input\":{\"@type\":\"PropertyValueSpecification\",\"valueRequired\":true,\"valueName\":\"search_term_string\"}}],\"inLanguage\":\"en-US\"},{\"@type\":\"Organization\",\"@id\":\"https:\\\/\\\/impaqt.net\\\/en\\\/#organization\",\"name\":\"ImpaQt\",\"url\":\"https:\\\/\\\/impaqt.net\\\/en\\\/\",\"logo\":{\"@type\":\"ImageObject\",\"inLanguage\":\"en-US\",\"@id\":\"https:\\\/\\\/impaqt.net\\\/en\\\/#\\\/schema\\\/logo\\\/image\\\/\",\"url\":\"https:\\\/\\\/impaqt.net\\\/wp-content\\\/uploads\\\/2020\\\/05\\\/impaqt-logo-1000.png\",\"contentUrl\":\"https:\\\/\\\/impaqt.net\\\/wp-content\\\/uploads\\\/2020\\\/05\\\/impaqt-logo-1000.png\",\"width\":1000,\"height\":400,\"caption\":\"ImpaQt\"},\"image\":{\"@id\":\"https:\\\/\\\/impaqt.net\\\/en\\\/#\\\/schema\\\/logo\\\/image\\\/\"},\"sameAs\":[\"https:\\\/\\\/www.facebook.com\\\/impaqt\\\/\",\"https:\\\/\\\/www.linkedin.com\\\/company\\\/impaqt-langues\\\/\"]}]}<\/script>\n<!-- \/ Yoast SEO plugin. -->","yoast_head_json":{"title":"Conditions G\u00e9n\u00e9rales de Vente - ImpaQt","description":"L\u2019acronyme MMAPPER repr\u00e9sente 7 fondamentaux du d\u00e9veloppement personnel et professionnel : Mirroir, M\u00e9thode, Action Projet, Plaisir, Effort, Risque.","robots":{"index":"index","follow":"follow","max-snippet":"max-snippet:-1","max-image-preview":"max-image-preview:large","max-video-preview":"max-video-preview:-1"},"canonical":"https:\/\/impaqt.net\/en\/conditions-generales-de-vente\/","og_locale":"en_US","og_type":"article","og_title":"Conditions G\u00e9n\u00e9rales de Vente - ImpaQt","og_description":"L\u2019acronyme MMAPPER repr\u00e9sente 7 fondamentaux du d\u00e9veloppement personnel et professionnel : Mirroir, M\u00e9thode, Action Projet, Plaisir, Effort, Risque.","og_url":"https:\/\/impaqt.net\/en\/conditions-generales-de-vente\/","og_site_name":"ImpaQt","article_publisher":"https:\/\/www.facebook.com\/impaqt\/","article_modified_time":"2026-01-08T08:46:46+00:00","twitter_card":"summary_large_image","schema":{"@context":"https:\/\/schema.org","@graph":[{"@type":"WebPage","@id":"https:\/\/impaqt.net\/en\/conditions-generales-de-vente\/","url":"https:\/\/impaqt.net\/en\/conditions-generales-de-vente\/","name":"Conditions G\u00e9n\u00e9rales de Vente - ImpaQt","isPartOf":{"@id":"https:\/\/impaqt.net\/en\/#website"},"datePublished":"2020-10-29T16:09:44+00:00","dateModified":"2026-01-08T08:46:46+00:00","description":"L\u2019acronyme MMAPPER repr\u00e9sente 7 fondamentaux du d\u00e9veloppement personnel et professionnel : Mirroir, M\u00e9thode, Action Projet, Plaisir, Effort, Risque.","breadcrumb":{"@id":"https:\/\/impaqt.net\/en\/conditions-generales-de-vente\/#breadcrumb"},"inLanguage":"en-US","potentialAction":[{"@type":"ReadAction","target":["https:\/\/impaqt.net\/en\/conditions-generales-de-vente\/"]}]},{"@type":"BreadcrumbList","@id":"https:\/\/impaqt.net\/en\/conditions-generales-de-vente\/#breadcrumb","itemListElement":[{"@type":"ListItem","position":1,"name":"Home","item":"https:\/\/impaqt.net\/en\/"},{"@type":"ListItem","position":2,"name":"Conditions G\u00e9n\u00e9rales de Vente"}]},{"@type":"WebSite","@id":"https:\/\/impaqt.net\/en\/#website","url":"https:\/\/impaqt.net\/en\/","name":"ImpaQt","description":"The home of MMAPPER","publisher":{"@id":"https:\/\/impaqt.net\/en\/#organization"},"potentialAction":[{"@type":"SearchAction","target":{"@type":"EntryPoint","urlTemplate":"https:\/\/impaqt.net\/en\/?s={search_term_string}"},"query-input":{"@type":"PropertyValueSpecification","valueRequired":true,"valueName":"search_term_string"}}],"inLanguage":"en-US"},{"@type":"Organization","@id":"https:\/\/impaqt.net\/en\/#organization","name":"ImpaQt","url":"https:\/\/impaqt.net\/en\/","logo":{"@type":"ImageObject","inLanguage":"en-US","@id":"https:\/\/impaqt.net\/en\/#\/schema\/logo\/image\/","url":"https:\/\/impaqt.net\/wp-content\/uploads\/2020\/05\/impaqt-logo-1000.png","contentUrl":"https:\/\/impaqt.net\/wp-content\/uploads\/2020\/05\/impaqt-logo-1000.png","width":1000,"height":400,"caption":"ImpaQt"},"image":{"@id":"https:\/\/impaqt.net\/en\/#\/schema\/logo\/image\/"},"sameAs":["https:\/\/www.facebook.com\/impaqt\/","https:\/\/www.linkedin.com\/company\/impaqt-langues\/"]}]}},"_links":{"self":[{"href":"https:\/\/impaqt.net\/en\/wp-json\/wp\/v2\/pages\/1470","targetHints":{"allow":["GET"]}}],"collection":[{"href":"https:\/\/impaqt.net\/en\/wp-json\/wp\/v2\/pages"}],"about":[{"href":"https:\/\/impaqt.net\/en\/wp-json\/wp\/v2\/types\/page"}],"author":[{"embeddable":true,"href":"https:\/\/impaqt.net\/en\/wp-json\/wp\/v2\/users\/1"}],"replies":[{"embeddable":true,"href":"https:\/\/impaqt.net\/en\/wp-json\/wp\/v2\/comments?post=1470"}],"version-history":[{"count":8,"href":"https:\/\/impaqt.net\/en\/wp-json\/wp\/v2\/pages\/1470\/revisions"}],"predecessor-version":[{"id":4208,"href":"https:\/\/impaqt.net\/en\/wp-json\/wp\/v2\/pages\/1470\/revisions\/4208"}],"wp:attachment":[{"href":"https:\/\/impaqt.net\/en\/wp-json\/wp\/v2\/media?parent=1470"}],"curies":[{"name":"wp","href":"https:\/\/api.w.org\/{rel}","templated":true}]}}